{"id":740,"date":"2024-09-23T15:05:31","date_gmt":"2024-09-23T13:05:31","guid":{"rendered":"https:\/\/electronicaciudad.com\/?page_id=740"},"modified":"2024-11-07T10:22:02","modified_gmt":"2024-11-07T09:22:02","slug":"cctv","status":"publish","type":"page","link":"https:\/\/electronicaciudad.com\/es\/servicios\/cctv\/","title":{"rendered":"CCTV"},"content":{"rendered":"\n<style type=\"text\/css\" data-created_by=\"avia_inline_auto\" id=\"style-css-av-m1ezrn9m-cfd8d17952956d3c46d66436138e4978\">\n#top .av-special-heading.av-m1ezrn9m-cfd8d17952956d3c46d66436138e4978{\npadding-bottom:10px;\n}\nbody .av-special-heading.av-m1ezrn9m-cfd8d17952956d3c46d66436138e4978 .av-special-heading-tag .heading-char{\nfont-size:25px;\n}\n.av-special-heading.av-m1ezrn9m-cfd8d17952956d3c46d66436138e4978 .av-subheading{\nfont-size:15px;\n}\n<\/style>\n<div  class='av-special-heading av-m1ezrn9m-cfd8d17952956d3c46d66436138e4978 av-special-heading-h1 blockquote modern-quote modern-centered  avia-builder-el-0  el_before_av_hr  avia-builder-el-first '><h1 class='av-special-heading-tag'  itemprop=\"headline\"  >CCTV<\/h1><div class=\"special-heading-border\"><div class=\"special-heading-inner-border\"><\/div><\/div><\/div>\n\n<style type=\"text\/css\" data-created_by=\"avia_inline_auto\" id=\"style-css-av-m1ezse5h-f6471f8ff73038ba5739decff9bc3c18\">\n#top .hr.av-m1ezse5h-f6471f8ff73038ba5739decff9bc3c18{\nmargin-top:30px;\nmargin-bottom:30px;\n}\n.hr.av-m1ezse5h-f6471f8ff73038ba5739decff9bc3c18 .hr-inner{\nwidth:50px;\nmax-width:45%;\n}\n<\/style>\n<div  class='hr av-m1ezse5h-f6471f8ff73038ba5739decff9bc3c18 hr-custom  avia-builder-el-1  el_after_av_heading  el_before_av_textblock  hr-center hr-icon-yes'><span class='hr-inner inner-border-av-border-thin'><span class=\"hr-inner-style\"><\/span><\/span><span class='av-seperator-icon' aria-hidden='true' data-av_icon='\ue856' data-av_iconfont='entypo-fontello'><\/span><span class='hr-inner inner-border-av-border-thin'><span class=\"hr-inner-style\"><\/span><\/span><\/div>\n<section  class='av_textblock_section av-m1ezt0s7-ebbb0f415402a18ce564d9dd28f7c5bd '   itemscope=\"itemscope\" itemtype=\"https:\/\/schema.org\/CreativeWork\" ><div class='avia_textblock'  itemprop=\"text\" ><p>Disponemos de la m\u00e1s amplia gama de kits de videovigilancia compuesto de 4-8 canales con c\u00e1maras incluidas, cargadores de red, grabador y disco duro, especialmente dise\u00f1ados seg\u00fan las necesidades del cliente, nosotros personalmente le asesoraremos sin ning\u00fan tipo de compromiso.<\/p>\n<p>Ofrecemos:<\/p>\n<ul>\n<li>Instalaciones de circuitos CCTV, hogares, comunidades de propietarios, empresas.<\/li>\n<li>Soluciones al m\u00e1s alto nivel seg\u00fan sus necesidades.<\/li>\n<li>Instalaciones de todo tipo de c\u00e1maras (interiores, exteriores).<\/li>\n<li>Visualicaci\u00f3n en directo de todas las c\u00e1maras remotamente a trav\u00e9s del m\u00f3vil o pc.<\/li>\n<li>Grabadora con disco duro, notificaci\u00f3n alertas, gesti\u00f3n de acceso a grabaciones almacenadas a distancia al instante<\/li>\n<\/ul>\n<h2>Para comercios:<\/h2>\n<p>Le ofrecemos la posibilidad de controlar su negocio. Dise\u00f1amos un proyecto para en funci\u00f3n del tipo de negocio que disponga. Esta herramienta le dar\u00e1 una garant\u00eda a\u00f1adida de calidad de servicio a usted ya sus clientes.<\/p>\n<ul>\n<li>Videovigilancia.<\/li>\n<li>C\u00e1maras d\u00eda y noche.<\/li>\n<li>Visualizaci\u00f3n y conexi\u00f3n de varias comillas al instante.<\/li>\n<\/ul>\n<h2>Para p\u00e1rquines:<\/h2>\n<p>Electronica Ciutat pone a su disposici\u00f3n una instalaci\u00f3n para el control y supervisi\u00f3n con m\u00faltiples opciones que se proyectar\u00e1 en cada caso.<\/p>\n<ul>\n<li>C\u00e1maras d\u00eda y noche.<\/li>\n<li>C\u00e1maras motorizadas.<\/li>\n<li>Control de accesos.<\/li>\n<li>Grabaci\u00f3n continua 24h los 365 d\u00edas del a\u00f1o.<\/li>\n<\/ul>\n<h2>Para comunidades de propietarios:<\/h2>\n<p>Le ofrecemos tener perfectamente controlada su comunidad con una m\u00ednima inversi\u00f3n, sin necesidad de cuotas de mantenimiento fijas las 24h los 365 d\u00edas del a\u00f1o.<\/p>\n<ul>\n<li>Vestibulos.<\/li>\n<li>Accesos.<\/li>\n<li>Ascensores.<\/li>\n<li>Zonas comunes.<\/li>\n<\/ul>\n<\/div><\/section>\n<div  class='flex_column av-27qshy-cb8a92fc1cda7132a7d7f5e8cd55c15d av_one_fifth  avia-builder-el-3  el_after_av_textblock  el_before_av_three_fifth  first flex_column_div  column-top-margin'     ><\/div>\n<div  class='flex_column av-2428w6-f4e32c6881d4c8053ad42e5025dbf799 av_three_fifth  avia-builder-el-4  el_after_av_one_fifth  el_before_av_one_fifth  flex_column_div  column-top-margin'     ><div  class='avia-slideshow av-m1f0ewfj-e32444babb1c5540fd9b171a83315cfc avia-slideshow-featured_large av_slideshow avia-slide-slider  avia-builder-el-5  avia-builder-el-no-sibling  av-slideshow-ui av-control-default av-slideshow-manual av-loop-once av-loop-manual-endless av-default-height-applied avia-slideshow-1' data-slideshow-options=\"{&quot;animation&quot;:&quot;slide&quot;,&quot;autoplay&quot;:false,&quot;loop_autoplay&quot;:&quot;once&quot;,&quot;interval&quot;:5,&quot;loop_manual&quot;:&quot;manual-endless&quot;,&quot;autoplay_stopper&quot;:false,&quot;noNavigation&quot;:false,&quot;bg_slider&quot;:false,&quot;keep_padding&quot;:false,&quot;hoverpause&quot;:false,&quot;show_slide_delay&quot;:0}\"  itemprop=\"image\" itemscope=\"itemscope\" itemtype=\"https:\/\/schema.org\/ImageObject\" ><ul class='avia-slideshow-inner ' style='padding-bottom: 56.25%;'><li  class='avia-slideshow-slide av-m1f0ewfj-e32444babb1c5540fd9b171a83315cfc__0  slide-1 slide-odd'><div data-rel='slideshow-1' class='avia-slide-wrap '   ><img decoding=\"async\" fetchpriority=\"high\" class=\"wp-image-691 avia-img-lazy-loading-not-691\"  src=\"https:\/\/electronicaciudad.com\/wp-content\/uploads\/2024\/09\/cache_86149127-1.jpg\" width=\"1024\" height=\"576\" title='cache_86149127 (1)' alt=''  itemprop=\"thumbnailUrl\" srcset=\"https:\/\/electronicaciudad.com\/wp-content\/uploads\/2024\/09\/cache_86149127-1.jpg 1024w, https:\/\/electronicaciudad.com\/wp-content\/uploads\/2024\/09\/cache_86149127-1-300x169.jpg 300w, https:\/\/electronicaciudad.com\/wp-content\/uploads\/2024\/09\/cache_86149127-1-768x432.jpg 768w, https:\/\/electronicaciudad.com\/wp-content\/uploads\/2024\/09\/cache_86149127-1-705x397.jpg 705w\" sizes=\"(max-width: 1024px) 100vw, 1024px\" \/><\/div><\/li><li  class='avia-slideshow-slide av-m1f0ewfj-e32444babb1c5540fd9b171a83315cfc__1  slide-2 slide-even'><div data-rel='slideshow-1' class='avia-slide-wrap '   ><img decoding=\"async\" fetchpriority=\"high\" class=\"wp-image-695 avia-img-lazy-loading-not-695\"  src=\"https:\/\/electronicaciudad.com\/wp-content\/uploads\/2024\/09\/cache_86149128.jpg\" width=\"1024\" height=\"576\" title='cache_86149128' alt=''  itemprop=\"thumbnailUrl\" srcset=\"https:\/\/electronicaciudad.com\/wp-content\/uploads\/2024\/09\/cache_86149128.jpg 1024w, https:\/\/electronicaciudad.com\/wp-content\/uploads\/2024\/09\/cache_86149128-300x169.jpg 300w, https:\/\/electronicaciudad.com\/wp-content\/uploads\/2024\/09\/cache_86149128-768x432.jpg 768w, https:\/\/electronicaciudad.com\/wp-content\/uploads\/2024\/09\/cache_86149128-705x397.jpg 705w\" sizes=\"(max-width: 1024px) 100vw, 1024px\" \/><\/div><\/li><li  class='avia-slideshow-slide av-m1f0ewfj-e32444babb1c5540fd9b171a83315cfc__2  slide-3 slide-odd'><div data-rel='slideshow-1' class='avia-slide-wrap '   ><img decoding=\"async\" fetchpriority=\"high\" class=\"wp-image-697 avia-img-lazy-loading-not-697\"  src=\"https:\/\/electronicaciudad.com\/wp-content\/uploads\/2024\/09\/cache_86149119.jpeg\" width=\"820\" height=\"615\" title='cache_86149119' alt=''  itemprop=\"thumbnailUrl\" srcset=\"https:\/\/electronicaciudad.com\/wp-content\/uploads\/2024\/09\/cache_86149119.jpeg 820w, https:\/\/electronicaciudad.com\/wp-content\/uploads\/2024\/09\/cache_86149119-300x225.jpeg 300w, https:\/\/electronicaciudad.com\/wp-content\/uploads\/2024\/09\/cache_86149119-768x576.jpeg 768w, https:\/\/electronicaciudad.com\/wp-content\/uploads\/2024\/09\/cache_86149119-705x529.jpeg 705w\" sizes=\"(max-width: 820px) 100vw, 820px\" \/><\/div><\/li><li  class='avia-slideshow-slide av-m1f0ewfj-e32444babb1c5540fd9b171a83315cfc__3  slide-4 slide-even'><div data-rel='slideshow-1' class='avia-slide-wrap '   ><img decoding=\"async\" fetchpriority=\"high\" class=\"wp-image-699 avia-img-lazy-loading-not-699\"  src=\"https:\/\/electronicaciudad.com\/wp-content\/uploads\/2024\/09\/cache_86149120.jpeg\" width=\"820\" height=\"615\" title='cache_86149120' alt=''  itemprop=\"thumbnailUrl\" srcset=\"https:\/\/electronicaciudad.com\/wp-content\/uploads\/2024\/09\/cache_86149120.jpeg 820w, https:\/\/electronicaciudad.com\/wp-content\/uploads\/2024\/09\/cache_86149120-300x225.jpeg 300w, https:\/\/electronicaciudad.com\/wp-content\/uploads\/2024\/09\/cache_86149120-768x576.jpeg 768w, https:\/\/electronicaciudad.com\/wp-content\/uploads\/2024\/09\/cache_86149120-705x529.jpeg 705w\" sizes=\"(max-width: 820px) 100vw, 820px\" \/><\/div><\/li><li  class='avia-slideshow-slide av-m1f0ewfj-e32444babb1c5540fd9b171a83315cfc__4  slide-5 slide-odd'><div data-rel='slideshow-1' class='avia-slide-wrap '   ><img decoding=\"async\" fetchpriority=\"high\" class=\"wp-image-701 avia-img-lazy-loading-not-701\"  src=\"https:\/\/electronicaciudad.com\/wp-content\/uploads\/2024\/09\/cache_86149121-960x630.jpg\" width=\"960\" height=\"630\" title='cache_86149121' alt=''  itemprop=\"thumbnailUrl\"   \/><\/div><\/li><li  class='avia-slideshow-slide av-m1f0ewfj-e32444babb1c5540fd9b171a83315cfc__5  slide-6 slide-even'><div data-rel='slideshow-1' class='avia-slide-wrap '   ><img decoding=\"async\" fetchpriority=\"high\" class=\"wp-image-703 avia-img-lazy-loading-not-703\"  src=\"https:\/\/electronicaciudad.com\/wp-content\/uploads\/2024\/09\/cache_86149122-847x630.jpg\" width=\"847\" height=\"630\" title='cache_86149122' alt=''  itemprop=\"thumbnailUrl\"   \/><\/div><\/li><li  class='avia-slideshow-slide av-m1f0ewfj-e32444babb1c5540fd9b171a83315cfc__6  slide-7 slide-odd'><div data-rel='slideshow-1' class='avia-slide-wrap '   ><img decoding=\"async\" fetchpriority=\"high\" class=\"wp-image-705 avia-img-lazy-loading-not-705\"  src=\"https:\/\/electronicaciudad.com\/wp-content\/uploads\/2024\/09\/cache_86149123-576x630.jpg\" width=\"576\" height=\"630\" title='cache_86149123' alt=''  itemprop=\"thumbnailUrl\"   \/><\/div><\/li><li  class='avia-slideshow-slide av-m1f0ewfj-e32444babb1c5540fd9b171a83315cfc__7  slide-8 slide-even'><div data-rel='slideshow-1' class='avia-slide-wrap '   ><img decoding=\"async\" fetchpriority=\"high\" class=\"wp-image-707 avia-img-lazy-loading-not-707\"  src=\"https:\/\/electronicaciudad.com\/wp-content\/uploads\/2024\/09\/cache_86149125-1023x630.jpg\" width=\"1023\" height=\"630\" title='cache_86149125' alt=''  itemprop=\"thumbnailUrl\"   \/><\/div><\/li><li  class='avia-slideshow-slide av-m1f0ewfj-e32444babb1c5540fd9b171a83315cfc__8  slide-9 slide-odd'><div data-rel='slideshow-1' class='avia-slide-wrap '   ><img decoding=\"async\" fetchpriority=\"high\" class=\"wp-image-709 avia-img-lazy-loading-not-709\"  src=\"https:\/\/electronicaciudad.com\/wp-content\/uploads\/2024\/09\/cache_86149126.jpg\" width=\"1024\" height=\"576\" title='cache_86149126' alt=''  itemprop=\"thumbnailUrl\" srcset=\"https:\/\/electronicaciudad.com\/wp-content\/uploads\/2024\/09\/cache_86149126.jpg 1024w, https:\/\/electronicaciudad.com\/wp-content\/uploads\/2024\/09\/cache_86149126-300x169.jpg 300w, https:\/\/electronicaciudad.com\/wp-content\/uploads\/2024\/09\/cache_86149126-768x432.jpg 768w, https:\/\/electronicaciudad.com\/wp-content\/uploads\/2024\/09\/cache_86149126-705x397.jpg 705w\" sizes=\"(max-width: 1024px) 100vw, 1024px\" \/><\/div><\/li><\/ul><div class='avia-slideshow-arrows avia-slideshow-controls' ><a href='#prev' class='prev-slide ' aria-hidden='true' data-av_icon='\ue87c' data-av_iconfont='entypo-fontello'  tabindex='-1'>Anterior<\/a><a href='#next' class='next-slide ' aria-hidden='true' data-av_icon='\ue87d' data-av_iconfont='entypo-fontello'  tabindex='-1'>Posterior<\/a><\/div><div class='avia-slideshow-dots avia-slideshow-controls'><a href='#1' class='goto-slide active' >1<\/a><a href='#2' class='goto-slide ' >2<\/a><a href='#3' class='goto-slide ' >3<\/a><a href='#4' class='goto-slide ' >4<\/a><a href='#5' class='goto-slide ' >5<\/a><a href='#6' class='goto-slide ' >6<\/a><a href='#7' class='goto-slide ' >7<\/a><a href='#8' class='goto-slide ' >8<\/a><a href='#9' class='goto-slide ' >9<\/a><\/div><\/div><\/div><div  class='flex_column av-zf72-f97d2f8b4f4821de9c4e0db3b6797177 av_one_fifth  avia-builder-el-6  el_after_av_three_fifth  avia-builder-el-last  flex_column_div  column-top-margin'     ><\/div><\/p>\n","protected":false},"excerpt":{"rendered":"","protected":false},"author":1,"featured_media":0,"parent":738,"menu_order":0,"comment_status":"closed","ping_status":"closed","template":"","meta":{"footnotes":""},"class_list":["post-740","page","type-page","status-publish","hentry"],"yoast_head":"<!-- This site is optimized with the Yoast SEO plugin v26.6 - https:\/\/yoast.com\/wordpress\/plugins\/seo\/ -->\n<title>CCTV - Electronica Ciudad<\/title>\n<meta name=\"robots\" content=\"index, follow, max-snippet:-1, max-image-preview:large, max-video-preview:-1\" \/>\n<link rel=\"canonical\" href=\"https:\/\/electronicaciudad.com\/es\/servicios\/cctv\/\" \/>\n<meta property=\"og:locale\" content=\"es_ES\" \/>\n<meta property=\"og:type\" content=\"article\" \/>\n<meta property=\"og:title\" content=\"CCTV - Electronica Ciudad\" \/>\n<meta property=\"og:url\" content=\"https:\/\/electronicaciudad.com\/es\/servicios\/cctv\/\" \/>\n<meta property=\"og:site_name\" content=\"Electronica Ciudad\" \/>\n<meta property=\"article:modified_time\" content=\"2024-11-07T09:22:02+00:00\" \/>\n<meta name=\"twitter:card\" content=\"summary_large_image\" \/>\n<meta name=\"twitter:label1\" content=\"Tiempo de lectura\" \/>\n\t<meta name=\"twitter:data1\" content=\"4 minutos\" \/>\n<script type=\"application\/ld+json\" class=\"yoast-schema-graph\">{\"@context\":\"https:\/\/schema.org\",\"@graph\":[{\"@type\":\"WebPage\",\"@id\":\"https:\/\/electronicaciudad.com\/es\/servicios\/cctv\/\",\"url\":\"https:\/\/electronicaciudad.com\/es\/servicios\/cctv\/\",\"name\":\"CCTV - Electronica Ciudad\",\"isPartOf\":{\"@id\":\"https:\/\/electronicaciudad.com\/es\/#website\"},\"datePublished\":\"2024-09-23T13:05:31+00:00\",\"dateModified\":\"2024-11-07T09:22:02+00:00\",\"breadcrumb\":{\"@id\":\"https:\/\/electronicaciudad.com\/es\/servicios\/cctv\/#breadcrumb\"},\"inLanguage\":\"es\",\"potentialAction\":[{\"@type\":\"ReadAction\",\"target\":[\"https:\/\/electronicaciudad.com\/es\/servicios\/cctv\/\"]}]},{\"@type\":\"BreadcrumbList\",\"@id\":\"https:\/\/electronicaciudad.com\/es\/servicios\/cctv\/#breadcrumb\",\"itemListElement\":[{\"@type\":\"ListItem\",\"position\":1,\"name\":\"Inici\",\"item\":\"https:\/\/electronicaciudad.com\/es\/inicio\/\"},{\"@type\":\"ListItem\",\"position\":2,\"name\":\"Servicios\",\"item\":\"https:\/\/electronicaciudad.com\/es\/servicios\/\"},{\"@type\":\"ListItem\",\"position\":3,\"name\":\"CCTV\"}]},{\"@type\":\"WebSite\",\"@id\":\"https:\/\/electronicaciudad.com\/es\/#website\",\"url\":\"https:\/\/electronicaciudad.com\/es\/\",\"name\":\"Electronica Ciudad\",\"description\":\"\",\"publisher\":{\"@id\":\"https:\/\/electronicaciudad.com\/es\/#organization\"},\"potentialAction\":[{\"@type\":\"SearchAction\",\"target\":{\"@type\":\"EntryPoint\",\"urlTemplate\":\"https:\/\/electronicaciudad.com\/es\/?s={search_term_string}\"},\"query-input\":{\"@type\":\"PropertyValueSpecification\",\"valueRequired\":true,\"valueName\":\"search_term_string\"}}],\"inLanguage\":\"es\"},{\"@type\":\"Organization\",\"@id\":\"https:\/\/electronicaciudad.com\/es\/#organization\",\"name\":\"Electronica Ciudad\",\"url\":\"https:\/\/electronicaciudad.com\/es\/\",\"logo\":{\"@type\":\"ImageObject\",\"inLanguage\":\"es\",\"@id\":\"https:\/\/electronicaciudad.com\/es\/#\/schema\/logo\/image\/\",\"url\":\"https:\/\/electronicaciudad.com\/wp-content\/uploads\/2024\/08\/logo-1.jpg\",\"contentUrl\":\"https:\/\/electronicaciudad.com\/wp-content\/uploads\/2024\/08\/logo-1.jpg\",\"width\":200,\"height\":200,\"caption\":\"Electronica Ciudad\"},\"image\":{\"@id\":\"https:\/\/electronicaciudad.com\/es\/#\/schema\/logo\/image\/\"}}]}<\/script>\n<!-- \/ Yoast SEO plugin. -->","yoast_head_json":{"title":"CCTV - Electronica Ciudad","robots":{"index":"index","follow":"follow","max-snippet":"max-snippet:-1","max-image-preview":"max-image-preview:large","max-video-preview":"max-video-preview:-1"},"canonical":"https:\/\/electronicaciudad.com\/es\/servicios\/cctv\/","og_locale":"es_ES","og_type":"article","og_title":"CCTV - Electronica Ciudad","og_url":"https:\/\/electronicaciudad.com\/es\/servicios\/cctv\/","og_site_name":"Electronica Ciudad","article_modified_time":"2024-11-07T09:22:02+00:00","twitter_card":"summary_large_image","twitter_misc":{"Tiempo de lectura":"4 minutos"},"schema":{"@context":"https:\/\/schema.org","@graph":[{"@type":"WebPage","@id":"https:\/\/electronicaciudad.com\/es\/servicios\/cctv\/","url":"https:\/\/electronicaciudad.com\/es\/servicios\/cctv\/","name":"CCTV - Electronica Ciudad","isPartOf":{"@id":"https:\/\/electronicaciudad.com\/es\/#website"},"datePublished":"2024-09-23T13:05:31+00:00","dateModified":"2024-11-07T09:22:02+00:00","breadcrumb":{"@id":"https:\/\/electronicaciudad.com\/es\/servicios\/cctv\/#breadcrumb"},"inLanguage":"es","potentialAction":[{"@type":"ReadAction","target":["https:\/\/electronicaciudad.com\/es\/servicios\/cctv\/"]}]},{"@type":"BreadcrumbList","@id":"https:\/\/electronicaciudad.com\/es\/servicios\/cctv\/#breadcrumb","itemListElement":[{"@type":"ListItem","position":1,"name":"Inici","item":"https:\/\/electronicaciudad.com\/es\/inicio\/"},{"@type":"ListItem","position":2,"name":"Servicios","item":"https:\/\/electronicaciudad.com\/es\/servicios\/"},{"@type":"ListItem","position":3,"name":"CCTV"}]},{"@type":"WebSite","@id":"https:\/\/electronicaciudad.com\/es\/#website","url":"https:\/\/electronicaciudad.com\/es\/","name":"Electronica Ciudad","description":"","publisher":{"@id":"https:\/\/electronicaciudad.com\/es\/#organization"},"potentialAction":[{"@type":"SearchAction","target":{"@type":"EntryPoint","urlTemplate":"https:\/\/electronicaciudad.com\/es\/?s={search_term_string}"},"query-input":{"@type":"PropertyValueSpecification","valueRequired":true,"valueName":"search_term_string"}}],"inLanguage":"es"},{"@type":"Organization","@id":"https:\/\/electronicaciudad.com\/es\/#organization","name":"Electronica Ciudad","url":"https:\/\/electronicaciudad.com\/es\/","logo":{"@type":"ImageObject","inLanguage":"es","@id":"https:\/\/electronicaciudad.com\/es\/#\/schema\/logo\/image\/","url":"https:\/\/electronicaciudad.com\/wp-content\/uploads\/2024\/08\/logo-1.jpg","contentUrl":"https:\/\/electronicaciudad.com\/wp-content\/uploads\/2024\/08\/logo-1.jpg","width":200,"height":200,"caption":"Electronica Ciudad"},"image":{"@id":"https:\/\/electronicaciudad.com\/es\/#\/schema\/logo\/image\/"}}]}},"_links":{"self":[{"href":"https:\/\/electronicaciudad.com\/es\/wp-json\/wp\/v2\/pages\/740","targetHints":{"allow":["GET"]}}],"collection":[{"href":"https:\/\/electronicaciudad.com\/es\/wp-json\/wp\/v2\/pages"}],"about":[{"href":"https:\/\/electronicaciudad.com\/es\/wp-json\/wp\/v2\/types\/page"}],"author":[{"embeddable":true,"href":"https:\/\/electronicaciudad.com\/es\/wp-json\/wp\/v2\/users\/1"}],"replies":[{"embeddable":true,"href":"https:\/\/electronicaciudad.com\/es\/wp-json\/wp\/v2\/comments?post=740"}],"version-history":[{"count":4,"href":"https:\/\/electronicaciudad.com\/es\/wp-json\/wp\/v2\/pages\/740\/revisions"}],"predecessor-version":[{"id":813,"href":"https:\/\/electronicaciudad.com\/es\/wp-json\/wp\/v2\/pages\/740\/revisions\/813"}],"up":[{"embeddable":true,"href":"https:\/\/electronicaciudad.com\/es\/wp-json\/wp\/v2\/pages\/738"}],"wp:attachment":[{"href":"https:\/\/electronicaciudad.com\/es\/wp-json\/wp\/v2\/media?parent=740"}],"curies":[{"name":"wp","href":"https:\/\/api.w.org\/{rel}","templated":true}]}}