{"id":848,"date":"2024-11-08T13:54:30","date_gmt":"2024-11-08T12:54:30","guid":{"rendered":"https:\/\/electronicaciudad.com\/?page_id=848"},"modified":"2024-11-08T13:56:41","modified_gmt":"2024-11-08T12:56:41","slug":"aviso-legal","status":"publish","type":"page","link":"https:\/\/electronicaciudad.com\/es\/aviso-legal\/","title":{"rendered":"Aviso Legal"},"content":{"rendered":"<div  class='flex_column av-av_one_full-c68a83b15b0e343459e287303c8793d5 av_one_full  avia-builder-el-0  avia-builder-el-no-sibling  first flex_column_div  '     ><p>\n<style type=\"text\/css\" data-created_by=\"avia_inline_auto\" id=\"style-css-av-m38qj0d8-274c241590514b940de1a4e78b942600\">\n#top .av-special-heading.av-m38qj0d8-274c241590514b940de1a4e78b942600{\npadding-bottom:10px;\n}\nbody .av-special-heading.av-m38qj0d8-274c241590514b940de1a4e78b942600 .av-special-heading-tag .heading-char{\nfont-size:25px;\n}\n.av-special-heading.av-m38qj0d8-274c241590514b940de1a4e78b942600 .av-subheading{\nfont-size:15px;\n}\n<\/style>\n<div  class='av-special-heading av-m38qj0d8-274c241590514b940de1a4e78b942600 av-special-heading-h1  avia-builder-el-1  el_before_av_textblock  avia-builder-el-first '><h1 class='av-special-heading-tag'  itemprop=\"headline\"  >Aviso Legal<\/h1><div class=\"special-heading-border\"><div class=\"special-heading-inner-border\"><\/div><\/div><\/div><br \/>\n<section  class='av_textblock_section av-m38qnq9u-5981d65e4e23b9917856b84babb19d10 '   itemscope=\"itemscope\" itemtype=\"https:\/\/schema.org\/CreativeWork\" ><div class='avia_textblock'  itemprop=\"text\" ><p>En compliment de la Llei 34\/2002, amb la darrera actualitzaci\u00f3, 09\/05\/2023, de serveis de la societat de la informaci\u00f3 i de comer\u00e7 electr\u00f2nic,\u00a0<strong>Electronica Ciudad,<\/strong> l\u2019informa que \u00e9s titular del lloc web: <a href=\"https:\/\/electronicaciudad.com\/\">https:\/\/electronicaciudad.com\/<\/a><strong>. \u00a0<\/strong>D\u2019acord amb l\u2019exig\u00e8ncia de l\u2019article 10 de l\u2019esmentada Llei, notifica les dades seg\u00fcents: CIF\/NIF: \u00a0<strong>52156557D<\/strong> , Domicili Fiscal: <strong>C\/ \u00c0vila 26 , 08440,<\/strong> <strong>Cardedeu (BARCELONA)<\/strong>. L\u2019adre\u00e7a de correu electr\u00f2nic de contacte amb l\u2019empresa \u00e9s: <a href=\"mailto:info@electronicaciudad.com\">info@electronicaciudad.com<\/a>.<\/p>\n<ol>\n<li><strong><u>USUARI I R\u00c8GIM DE RESPONSABILITATS<\/u><\/strong><\/li>\n<\/ol>\n<p>La navegaci\u00f3 per acc\u00e9s i \u00fas de la p\u00e0gina web i tots els subdominis i directoris inclosos sota la el mateix domini, aix\u00ed com els serveis o continguts que a trav\u00e9s d\u2019ell es puguin obtenir i tots els portals de domini propi sota titularitat de <strong>Electronica Ciudad<\/strong>, atorga la condici\u00f3 d\u2019<strong>Usuari<\/strong>, per la que s\u2019accepten, en navegar pel web de <strong>Electronica Ciudad<\/strong>, totes les condicions d\u2019\u00fas que s\u2019estableixen aqu\u00ed sense perjudicar l\u2019aplicaci\u00f3 de la corresponent normativa d\u2019obligat compliment legal segons el cas.<\/p>\n<p>Per aix\u00f2, si les consideracions detallades en aquest Av\u00eds Legal no s\u00f3n de la seva conformitat, preguem no faci \u00fas del Portal, ja que qualsevol \u00fas que faci del mateix o dels serveis i continguts en ell inclosos implicar\u00e0 l\u2019acceptaci\u00f3 dels termes legals recollits en aquest text.<\/p>\n<p>La p\u00e0gina web de <strong>Electronica Ciudad<\/strong>\u00a0proporciona gran diversitat d\u2019informaci\u00f3, serveis i dades. L\u2019<strong>Usuari<\/strong>\u00a0assumeix la seva responsabilitat en l\u2019\u00fas correcte dels llocs web. Aquesta responsabilitat s\u2019estendr\u00e0 a: La veracitat i licitud de les informacions aportades per l\u2019<strong>Usuari<\/strong>\u00a0als formularis de registre i contacte de<strong> Electronica Ciudad<\/strong>\u00a0per accedir a determinats continguts o serveis oferts per la web.<\/p>\n<p>L\u2019\u00fas de la informaci\u00f3, serveis i dades oferts per <strong>Electronica Ciudad<\/strong><strong>,\u00a0<\/strong>no aniran contra les disposicions d\u2019aquestes cl\u00e0usules, la Llei, la moral, els bons costums o l\u2019ordre p\u00fablic que puguin suposar lesi\u00f3 dels drets de tercers o del funcionament dels llocs web.<\/p>\n<p>A aquest efecte, l\u2019<strong>Usuari<\/strong>\u00a0s\u2019abstindr\u00e0 d\u2019utilitzar qualsevol dels continguts amb finalitats il\u00b7l\u00edcites i prohibides en aquest text, lesives amb els drets i interessos de tercers, o que de qualsevol forma puguin malmetre, inutilitzar, sobrecarregar, deteriorar o impedir la normal utilitzaci\u00f3 dels continguts per part d\u2019altres\u00a0<strong>Usuaris<\/strong>\u00a0o de qualsevol\u00a0<strong>Usuari<\/strong>\u00a0d\u2019Internet (hardware y software).<\/p>\n<p>Els\u00a0<strong>Usuari<\/strong>s respondran dels danys i perjudicis de tota naturalesa que l\u2019entitat propiet\u00e0ria de la web pugui patir, directament o indirectament, com a conseq\u00fc\u00e8ncia d\u2019incompliment de qualsevol de les obligacions derivades de l\u2019\u00fas de la Web i d\u2019aquesta pol\u00edtica de privacitat.<\/p>\n<p>En particular, i a t\u00edtol merament indicatiu i no exhaustiu, l\u2019<strong>Usuari<\/strong>\u00a0es compromet a no transmetre, difondre o posar a disposici\u00f3 de tercers informacions, dades, continguts, missatges, gr\u00e0fics, dibuixos, arxius de so i \/ o imatge, fotografies d\u2019aquest web.<\/p>\n<\/div><\/section><\/p><\/div>\n","protected":false},"excerpt":{"rendered":"","protected":false},"author":1,"featured_media":0,"parent":0,"menu_order":0,"comment_status":"closed","ping_status":"closed","template":"","meta":{"footnotes":""},"class_list":["post-848","page","type-page","status-publish","hentry"],"yoast_head":"<!-- This site is optimized with the Yoast SEO plugin v26.6 - https:\/\/yoast.com\/wordpress\/plugins\/seo\/ -->\n<title>Aviso Legal - Electronica Ciudad<\/title>\n<meta name=\"robots\" content=\"index, follow, max-snippet:-1, max-image-preview:large, max-video-preview:-1\" \/>\n<link rel=\"canonical\" href=\"https:\/\/electronicaciudad.com\/es\/aviso-legal\/\" \/>\n<meta property=\"og:locale\" content=\"es_ES\" \/>\n<meta property=\"og:type\" content=\"article\" \/>\n<meta property=\"og:title\" content=\"Aviso Legal - Electronica Ciudad\" \/>\n<meta property=\"og:url\" content=\"https:\/\/electronicaciudad.com\/es\/aviso-legal\/\" \/>\n<meta property=\"og:site_name\" content=\"Electronica Ciudad\" \/>\n<meta property=\"article:modified_time\" content=\"2024-11-08T12:56:41+00:00\" \/>\n<meta name=\"twitter:card\" content=\"summary_large_image\" \/>\n<meta name=\"twitter:label1\" content=\"Tiempo de lectura\" \/>\n\t<meta name=\"twitter:data1\" content=\"3 minutos\" \/>\n<script type=\"application\/ld+json\" class=\"yoast-schema-graph\">{\"@context\":\"https:\/\/schema.org\",\"@graph\":[{\"@type\":\"WebPage\",\"@id\":\"https:\/\/electronicaciudad.com\/es\/aviso-legal\/\",\"url\":\"https:\/\/electronicaciudad.com\/es\/aviso-legal\/\",\"name\":\"Aviso Legal - Electronica Ciudad\",\"isPartOf\":{\"@id\":\"https:\/\/electronicaciudad.com\/es\/#website\"},\"datePublished\":\"2024-11-08T12:54:30+00:00\",\"dateModified\":\"2024-11-08T12:56:41+00:00\",\"breadcrumb\":{\"@id\":\"https:\/\/electronicaciudad.com\/es\/aviso-legal\/#breadcrumb\"},\"inLanguage\":\"es\",\"potentialAction\":[{\"@type\":\"ReadAction\",\"target\":[\"https:\/\/electronicaciudad.com\/es\/aviso-legal\/\"]}]},{\"@type\":\"BreadcrumbList\",\"@id\":\"https:\/\/electronicaciudad.com\/es\/aviso-legal\/#breadcrumb\",\"itemListElement\":[{\"@type\":\"ListItem\",\"position\":1,\"name\":\"Inici\",\"item\":\"https:\/\/electronicaciudad.com\/es\/inicio\/\"},{\"@type\":\"ListItem\",\"position\":2,\"name\":\"Aviso Legal\"}]},{\"@type\":\"WebSite\",\"@id\":\"https:\/\/electronicaciudad.com\/es\/#website\",\"url\":\"https:\/\/electronicaciudad.com\/es\/\",\"name\":\"Electronica Ciudad\",\"description\":\"\",\"publisher\":{\"@id\":\"https:\/\/electronicaciudad.com\/es\/#organization\"},\"potentialAction\":[{\"@type\":\"SearchAction\",\"target\":{\"@type\":\"EntryPoint\",\"urlTemplate\":\"https:\/\/electronicaciudad.com\/es\/?s={search_term_string}\"},\"query-input\":{\"@type\":\"PropertyValueSpecification\",\"valueRequired\":true,\"valueName\":\"search_term_string\"}}],\"inLanguage\":\"es\"},{\"@type\":\"Organization\",\"@id\":\"https:\/\/electronicaciudad.com\/es\/#organization\",\"name\":\"Electronica Ciudad\",\"url\":\"https:\/\/electronicaciudad.com\/es\/\",\"logo\":{\"@type\":\"ImageObject\",\"inLanguage\":\"es\",\"@id\":\"https:\/\/electronicaciudad.com\/es\/#\/schema\/logo\/image\/\",\"url\":\"https:\/\/electronicaciudad.com\/wp-content\/uploads\/2024\/08\/logo-1.jpg\",\"contentUrl\":\"https:\/\/electronicaciudad.com\/wp-content\/uploads\/2024\/08\/logo-1.jpg\",\"width\":200,\"height\":200,\"caption\":\"Electronica Ciudad\"},\"image\":{\"@id\":\"https:\/\/electronicaciudad.com\/es\/#\/schema\/logo\/image\/\"}}]}<\/script>\n<!-- \/ Yoast SEO plugin. -->","yoast_head_json":{"title":"Aviso Legal - Electronica Ciudad","robots":{"index":"index","follow":"follow","max-snippet":"max-snippet:-1","max-image-preview":"max-image-preview:large","max-video-preview":"max-video-preview:-1"},"canonical":"https:\/\/electronicaciudad.com\/es\/aviso-legal\/","og_locale":"es_ES","og_type":"article","og_title":"Aviso Legal - Electronica Ciudad","og_url":"https:\/\/electronicaciudad.com\/es\/aviso-legal\/","og_site_name":"Electronica Ciudad","article_modified_time":"2024-11-08T12:56:41+00:00","twitter_card":"summary_large_image","twitter_misc":{"Tiempo de lectura":"3 minutos"},"schema":{"@context":"https:\/\/schema.org","@graph":[{"@type":"WebPage","@id":"https:\/\/electronicaciudad.com\/es\/aviso-legal\/","url":"https:\/\/electronicaciudad.com\/es\/aviso-legal\/","name":"Aviso Legal - Electronica Ciudad","isPartOf":{"@id":"https:\/\/electronicaciudad.com\/es\/#website"},"datePublished":"2024-11-08T12:54:30+00:00","dateModified":"2024-11-08T12:56:41+00:00","breadcrumb":{"@id":"https:\/\/electronicaciudad.com\/es\/aviso-legal\/#breadcrumb"},"inLanguage":"es","potentialAction":[{"@type":"ReadAction","target":["https:\/\/electronicaciudad.com\/es\/aviso-legal\/"]}]},{"@type":"BreadcrumbList","@id":"https:\/\/electronicaciudad.com\/es\/aviso-legal\/#breadcrumb","itemListElement":[{"@type":"ListItem","position":1,"name":"Inici","item":"https:\/\/electronicaciudad.com\/es\/inicio\/"},{"@type":"ListItem","position":2,"name":"Aviso Legal"}]},{"@type":"WebSite","@id":"https:\/\/electronicaciudad.com\/es\/#website","url":"https:\/\/electronicaciudad.com\/es\/","name":"Electronica Ciudad","description":"","publisher":{"@id":"https:\/\/electronicaciudad.com\/es\/#organization"},"potentialAction":[{"@type":"SearchAction","target":{"@type":"EntryPoint","urlTemplate":"https:\/\/electronicaciudad.com\/es\/?s={search_term_string}"},"query-input":{"@type":"PropertyValueSpecification","valueRequired":true,"valueName":"search_term_string"}}],"inLanguage":"es"},{"@type":"Organization","@id":"https:\/\/electronicaciudad.com\/es\/#organization","name":"Electronica Ciudad","url":"https:\/\/electronicaciudad.com\/es\/","logo":{"@type":"ImageObject","inLanguage":"es","@id":"https:\/\/electronicaciudad.com\/es\/#\/schema\/logo\/image\/","url":"https:\/\/electronicaciudad.com\/wp-content\/uploads\/2024\/08\/logo-1.jpg","contentUrl":"https:\/\/electronicaciudad.com\/wp-content\/uploads\/2024\/08\/logo-1.jpg","width":200,"height":200,"caption":"Electronica Ciudad"},"image":{"@id":"https:\/\/electronicaciudad.com\/es\/#\/schema\/logo\/image\/"}}]}},"_links":{"self":[{"href":"https:\/\/electronicaciudad.com\/es\/wp-json\/wp\/v2\/pages\/848","targetHints":{"allow":["GET"]}}],"collection":[{"href":"https:\/\/electronicaciudad.com\/es\/wp-json\/wp\/v2\/pages"}],"about":[{"href":"https:\/\/electronicaciudad.com\/es\/wp-json\/wp\/v2\/types\/page"}],"author":[{"embeddable":true,"href":"https:\/\/electronicaciudad.com\/es\/wp-json\/wp\/v2\/users\/1"}],"replies":[{"embeddable":true,"href":"https:\/\/electronicaciudad.com\/es\/wp-json\/wp\/v2\/comments?post=848"}],"version-history":[{"count":2,"href":"https:\/\/electronicaciudad.com\/es\/wp-json\/wp\/v2\/pages\/848\/revisions"}],"predecessor-version":[{"id":850,"href":"https:\/\/electronicaciudad.com\/es\/wp-json\/wp\/v2\/pages\/848\/revisions\/850"}],"wp:attachment":[{"href":"https:\/\/electronicaciudad.com\/es\/wp-json\/wp\/v2\/media?parent=848"}],"curies":[{"name":"wp","href":"https:\/\/api.w.org\/{rel}","templated":true}]}}